{"id":15,"date":"2020-03-31T14:07:58","date_gmt":"2020-03-31T17:07:58","guid":{"rendered":"http:\/\/jjveloso.com\/?page_id=15"},"modified":"2021-04-22T20:46:45","modified_gmt":"2021-04-22T23:46:45","slug":"tiro-com-arco","status":"publish","type":"page","link":"https:\/\/jjveloso.com\/index.php\/tiro-com-arco\/","title":{"rendered":"Tiro com Arco"},"content":{"rendered":"<div align=\"justify\">\n<p>Em 2012 tive a oportunidade de ser apresentado a este esporte maravilhoso!<\/p>\n<p>Foi um tiro certeiro: acabei me apaixonando.<img loading=\"lazy\" decoding=\"async\" class=\"wp-image-38 aligncenter\" style=\"font-size: 1rem;\" src=\"http:\/\/www.jjveloso.com\/wp-content\/uploads\/2018\/06\/cupido_052-150x150.jpg\" alt=\"\" width=\"40\" height=\"40\" \/><\/p>\n<p>Um dos esportes mais antigos de que se tem not\u00edcia, seu uso quase sempre foi vinculado \u00e0 ca\u00e7a e \u00e0 guerra.<\/p>\n<p>Nos dias atuais, continua diretamente ligado \u00e0 ca\u00e7a, mas foi mundialmente difundido como esporte, inclusive ol\u00edmpico.<\/p>\n<\/div>\n\n\n<p>Tem como principais modalidades de competi\u00e7\u00e3o os tiros com arco recurvo e com arco composto.<\/p>\n\n\n\n<p>E Minas Gerais, de longa data, vem contribuindo para o engrandecimento deste esporte, contando com atletas de renome nacional e internacional, profissionais dedicados que, apesar dos poucos incentivos que o esporte tem em geral no Brasil, vem alcan\u00e7ando resultados expressivos tanto no campo de competi\u00e7\u00e3o, quanto na forma\u00e7\u00e3o t\u00e9cnica dos atletas.<\/p>\n\n\n\n<p>Um esporte sim, mas que tamb\u00e9m nos leva a repensar sobre como nos posicionamos diante da vida!<\/p>\n\n\n\n<p>Porque?<\/p>\n\n\n\n<p>Diferentemente do que a grande maioria pensa, neste esporte, n\u00e3o \u00e9 a pontaria, mas sim a postura, como voc\u00ea se coloca e se posiciona para cada disparo\/tiro, que carrega consigo a maior parcela da responsabilidade de seu sucesso em acertar o alvo.<\/p>\n\n\n\n<p>Se assim n\u00e3o fosse, como poderia um deficiente visual praticar tal esporte?<\/p>\n\n\n\n<p>N\u00e3o se nos parece com nossa caminhada para atingir nossos objetivos?<\/p>\n\n\n\n<p>\u00c9 a consist\u00eancia, a coer\u00eancia, o controle e a assertividade de cada movimento que conduzem a flecha ao centro do alvo.<\/p>\n\n\n\n<p>Vale a pena experimentar! Procurem um clube perto de voc\u00eas.<\/p>\n\n\n\n<p>Atualmente estou ligado ao CSP Arco e Flecha Clube (Instagram: @csparcoclube).<\/p>\n\n\n\n<p><\/p>\n","protected":false},"excerpt":{"rendered":"<p>Em 2012 tive a oportunidade de ser apresentado a este esporte maravilhoso! Foi um tiro certeiro: acabei me apaixonando. Um dos esportes mais antigos de que se tem not\u00edcia, seu uso quase sempre foi vinculado \u00e0 ca\u00e7a e \u00e0 guerra. Nos dias atuais, continua diretamente ligado \u00e0 ca\u00e7a, mas foi mundialmente difundido como esporte, inclusive ol\u00edmpico. Tem como principais modalidades de competi\u00e7\u00e3o os tiros com arco recurvo e com arco composto. E Minas Gerais, de longa data, vem contribuindo para o engrandecimento deste esporte, contando com atletas de renome nacional e internacional, profissionais dedicados que, apesar dos poucos incentivos que o esporte tem em geral no Brasil, vem alcan\u00e7ando resultados expressivos tanto no campo de competi\u00e7\u00e3o, quanto na forma\u00e7\u00e3o t\u00e9cnica dos atletas. Um esporte sim, mas que tamb\u00e9m nos leva a repensar sobre como nos posicionamos diante da vida! Porque? Diferentemente do que a grande maioria pensa, neste esporte, n\u00e3o \u00e9 a pontaria, mas sim a postura, como voc\u00ea se coloca e se posiciona para cada disparo\/tiro, que carrega consigo a maior parcela da responsabilidade de seu sucesso em acertar o alvo. Se assim n\u00e3o fosse, como poderia um deficiente visual praticar tal esporte? N\u00e3o se nos parece com nossa caminhada para atingir nossos objetivos? \u00c9 a consist\u00eancia, a coer\u00eancia, o controle e a assertividade de cada movimento que conduzem a flecha ao centro do alvo. Vale a pena experimentar! Procurem um clube perto de voc\u00eas. Atualmente estou ligado ao CSP Arco e Flecha Clube (Instagram: @csparcoclube).<\/p>\n","protected":false},"author":1,"featured_media":0,"parent":0,"menu_order":0,"comment_status":"closed","ping_status":"closed","template":"","meta":{"footnotes":""},"class_list":["post-15","page","type-page","status-publish","hentry"],"_links":{"self":[{"href":"https:\/\/jjveloso.com\/index.php\/wp-json\/wp\/v2\/pages\/15","targetHints":{"allow":["GET"]}}],"collection":[{"href":"https:\/\/jjveloso.com\/index.php\/wp-json\/wp\/v2\/pages"}],"about":[{"href":"https:\/\/jjveloso.com\/index.php\/wp-json\/wp\/v2\/types\/page"}],"author":[{"embeddable":true,"href":"https:\/\/jjveloso.com\/index.php\/wp-json\/wp\/v2\/users\/1"}],"replies":[{"embeddable":true,"href":"https:\/\/jjveloso.com\/index.php\/wp-json\/wp\/v2\/comments?post=15"}],"version-history":[{"count":2,"href":"https:\/\/jjveloso.com\/index.php\/wp-json\/wp\/v2\/pages\/15\/revisions"}],"predecessor-version":[{"id":48,"href":"https:\/\/jjveloso.com\/index.php\/wp-json\/wp\/v2\/pages\/15\/revisions\/48"}],"wp:attachment":[{"href":"https:\/\/jjveloso.com\/index.php\/wp-json\/wp\/v2\/media?parent=15"}],"curies":[{"name":"wp","href":"https:\/\/api.w.org\/{rel}","templated":true}]}}