{"id":52,"date":"2020-04-23T12:01:37","date_gmt":"2020-04-23T15:01:37","guid":{"rendered":"http:\/\/jjveloso.com\/?page_id=52"},"modified":"2021-04-22T20:46:45","modified_gmt":"2021-04-22T23:46:45","slug":"docencia","status":"publish","type":"page","link":"https:\/\/jjveloso.com\/index.php\/docencia\/","title":{"rendered":"Doc\u00eancia"},"content":{"rendered":"\n<p>Doc\u00eancia &#8211; a\u00e7\u00e3o de ensinar.<\/p>\n\n\n\n<p>Aprendizagem &#8211;  ato, processo ou efeito de aprender; aprendizagem. <\/p>\n\n\n\n<p>Docente &#8211;  referente ao ensino ou \u00e0quele que ensina. <\/p>\n\n\n\n<p>Mas aprendi, h\u00e1 alguns anos, uma outra vis\u00e3o sobre o docente, durante uma homenagem que uma crian\u00e7a prestava a algu\u00e9m por quem nutria profunda gratid\u00e3o e apre\u00e7o:<\/p>\n\n\n\n<blockquote class=\"wp-block-quote is-layout-flow wp-block-quote-is-layout-flow\"><p>Doce + Gente = Docente<\/p><cite>Autor pode ser desconhecido, mas o conhecimento foi aprendido!<\/cite><\/blockquote>\n\n\n\n<p>Impressiono-me, a cada oportunidade, com o quanto se aprende ao se compartilhar o pouco que se sabe. Ensinar tem mais a ver com aprender, do que com repassar conhecimento.<\/p>\n\n\n\n<p>E aprendi isso sorvendo da fonte maior: a VIDA!<\/p>\n\n\n\n<p>Assim, sempre que tenho oportunidade, busco auxiliar aos meus companheiros de aprendizagem (tamb\u00e9m chamados de alunos) a encontrarem seu pr\u00f3prio caminho, a constru\u00edrem seu saber indivis\u00edvel. De nada adianta um conhecimento se n\u00e3o sabemos o que fazer com ele. <\/p>\n\n\n\n<p>Escolas onde &#8220;oficialmente&#8221; compartilhei\/compartilho experi\u00eancias de aprendizado:<\/p>\n\n\n\n<ul class=\"wp-block-list\"><li>Col\u00e9gio Padr\u00e3o &#8211; Montes Claros &#8211; 1982 &#8211; Monitor de F\u00edsica<\/li><li>Col\u00e9gio Padr\u00e3o &#8211; Montes Claros &#8211; 1992 &#8211; Professor de F\u00edsica<\/li><li><a rel=\"noreferrer noopener\" aria-label=\" (abre numa nova aba)\" href=\"http:\/\/www.unimontes.br\" target=\"_blank\">Universidade Estadual de Montes Claros<\/a> &#8211; 1994 &#8211; Professor no curso de Ci\u00eancias Cont\u00e1beis, cadeira de An\u00e1lise das Demonstra\u00e7\u00f5es Financeiras<\/li><li><a rel=\"noreferrer noopener\" aria-label=\"Universidade Estadual de Montes Claros (abre numa nova aba)\" href=\"http:\/\/www.unimontes.br\" target=\"_blank\">Universidade Estadual de Montes Claros<\/a> &#8211; 2006 &#8211; Professor no curso de Ci\u00eancias Cont\u00e1beis, cadeiras de Auditoria, An\u00e1lise das Demonstra\u00e7\u00f5es Financeiras, Controladoria e Contabilidade Avan\u00e7ada<\/li><li><a rel=\"noreferrer noopener\" aria-label=\"Universidade de Ita\u00fana (abre numa nova aba)\" href=\"http:\/\/www.uit.br\" target=\"_blank\">Universidade de Ita\u00fana<\/a> &#8211; 2007 a 2012 &#8211; Professor nas cadeiras de  Controladoria, Contabilidade Avan\u00e7ada, Contabilidade Intermedi\u00e1ria, Contabilidade Gerencial, Contabilidade Fiscal e Tribut\u00e1ria e Teoria Geral da Contabilidade no Curso de Ci\u00eancias Cont\u00e1beis e de T\u00f3picos Avan\u00e7ados de Produ\u00e7\u00e3o no Curso de Engenharia de Produ\u00e7\u00e3o (\u00eanfase em Gest\u00e3o Estrat\u00e9gica de Custos e Controladoria Empresarial) <\/li><li><a rel=\"noreferrer noopener\" aria-label=\"Facisa-BH (abre numa nova aba)\" href=\"http:\/\/www.facisa.com.br\" target=\"_blank\">Facisa-BH<\/a> &#8211; 2012 &#8211; Professor no Curso de Ci\u00eancias Cont\u00e1beis, cadeiras de Controladoria e Contabilidade Fiscal<\/li><li><a rel=\"noreferrer noopener\" aria-label=\"Centro Universit\u00e1rio Novos Horizontes (abre numa nova aba)\" href=\"https:\/\/novo.unihorizontes.br\/\" target=\"_blank\">Centro Universit\u00e1rio Novos Horizontes<\/a> &#8211; 2015 e 2016 &#8211; Professor nos cursos de Ci\u00eancias Cont\u00e1beis e Administra\u00e7\u00e3o, cadeiras de Introdu\u00e7\u00e3o \u00e0 Contabilidade, Contabilidade B\u00e1sica, Teoria Cont\u00e1bil, Contabilidade Internacional e Controladoria.<\/li><li><a rel=\"noreferrer noopener\" aria-label=\"Faculdade Senac (abre numa nova aba)\" href=\"https:\/\/www.mg.senac.br\/faculdade\/Paginas\/default.aspx\" target=\"_blank\">Faculdade Senac<\/a> &#8211; 2019 e 2020 &#8211; Professor nos Cursos de Ci\u00eancias Cont\u00e1beis e Administra\u00e7\u00e3o, cadeiras de Planejamento Financeiro e Or\u00e7ament\u00e1rio, Mercado Financeiro e de Capitais e Contabilidade Empresarial.<\/li><\/ul>\n\n\n\n<p>Extraoficialmente, \u00e9 cont\u00ednuo e eterno minha vontade de aprender!<\/p>\n","protected":false},"excerpt":{"rendered":"<p>Doc\u00eancia &#8211; a\u00e7\u00e3o de ensinar. Aprendizagem &#8211; ato, processo ou efeito de aprender; aprendizagem. Docente &#8211; referente ao ensino ou \u00e0quele que ensina. Mas aprendi, h\u00e1 alguns anos, uma outra vis\u00e3o sobre o docente, durante uma homenagem que uma crian\u00e7a prestava a algu\u00e9m por quem nutria profunda gratid\u00e3o e apre\u00e7o: Doce + Gente = Docente Autor pode ser desconhecido, mas o conhecimento foi aprendido! Impressiono-me, a cada oportunidade, com o quanto se aprende ao se compartilhar o pouco que se sabe. Ensinar tem mais a ver com aprender, do que com repassar conhecimento. E aprendi isso sorvendo da fonte maior: a VIDA! Assim, sempre que tenho oportunidade, busco auxiliar aos meus companheiros de aprendizagem (tamb\u00e9m chamados de alunos) a encontrarem seu pr\u00f3prio caminho, a constru\u00edrem seu saber indivis\u00edvel. De nada adianta um conhecimento se n\u00e3o sabemos o que fazer com ele. Escolas onde &#8220;oficialmente&#8221; compartilhei\/compartilho experi\u00eancias de aprendizado: Col\u00e9gio Padr\u00e3o &#8211; Montes Claros &#8211; 1982 &#8211; Monitor de F\u00edsica Col\u00e9gio Padr\u00e3o &#8211; Montes Claros &#8211; 1992 &#8211; Professor de F\u00edsica Universidade Estadual de Montes Claros &#8211; 1994 &#8211; Professor no curso de Ci\u00eancias Cont\u00e1beis, cadeira de An\u00e1lise das Demonstra\u00e7\u00f5es Financeiras Universidade Estadual de Montes Claros &#8211; 2006 &#8211; Professor no curso de Ci\u00eancias Cont\u00e1beis, cadeiras de Auditoria, An\u00e1lise das Demonstra\u00e7\u00f5es Financeiras, Controladoria e Contabilidade Avan\u00e7ada Universidade de Ita\u00fana &#8211; 2007 a 2012 &#8211; Professor nas cadeiras de Controladoria, Contabilidade Avan\u00e7ada, Contabilidade Intermedi\u00e1ria, Contabilidade Gerencial, Contabilidade Fiscal e Tribut\u00e1ria e Teoria Geral da Contabilidade no Curso de Ci\u00eancias Cont\u00e1beis e de T\u00f3picos Avan\u00e7ados de Produ\u00e7\u00e3o no Curso de Engenharia de Produ\u00e7\u00e3o (\u00eanfase em Gest\u00e3o Estrat\u00e9gica de Custos e Controladoria Empresarial) Facisa-BH &#8211; 2012 &#8211; Professor no Curso de Ci\u00eancias Cont\u00e1beis, cadeiras de Controladoria e Contabilidade Fiscal Centro Universit\u00e1rio Novos Horizontes &#8211; 2015 e 2016 &#8211; Professor nos cursos de Ci\u00eancias Cont\u00e1beis e Administra\u00e7\u00e3o, cadeiras de Introdu\u00e7\u00e3o \u00e0 Contabilidade, Contabilidade B\u00e1sica, Teoria Cont\u00e1bil, Contabilidade Internacional e Controladoria. Faculdade Senac &#8211; 2019 e 2020 &#8211; Professor nos Cursos de Ci\u00eancias Cont\u00e1beis e Administra\u00e7\u00e3o, cadeiras de Planejamento Financeiro e Or\u00e7ament\u00e1rio, Mercado Financeiro e de Capitais e Contabilidade Empresarial. Extraoficialmente, \u00e9 cont\u00ednuo e eterno minha vontade de aprender!<\/p>\n","protected":false},"author":1,"featured_media":0,"parent":0,"menu_order":0,"comment_status":"closed","ping_status":"closed","template":"","meta":{"footnotes":""},"class_list":["post-52","page","type-page","status-publish","hentry"],"_links":{"self":[{"href":"https:\/\/jjveloso.com\/index.php\/wp-json\/wp\/v2\/pages\/52","targetHints":{"allow":["GET"]}}],"collection":[{"href":"https:\/\/jjveloso.com\/index.php\/wp-json\/wp\/v2\/pages"}],"about":[{"href":"https:\/\/jjveloso.com\/index.php\/wp-json\/wp\/v2\/types\/page"}],"author":[{"embeddable":true,"href":"https:\/\/jjveloso.com\/index.php\/wp-json\/wp\/v2\/users\/1"}],"replies":[{"embeddable":true,"href":"https:\/\/jjveloso.com\/index.php\/wp-json\/wp\/v2\/comments?post=52"}],"version-history":[{"count":1,"href":"https:\/\/jjveloso.com\/index.php\/wp-json\/wp\/v2\/pages\/52\/revisions"}],"predecessor-version":[{"id":53,"href":"https:\/\/jjveloso.com\/index.php\/wp-json\/wp\/v2\/pages\/52\/revisions\/53"}],"wp:attachment":[{"href":"https:\/\/jjveloso.com\/index.php\/wp-json\/wp\/v2\/media?parent=52"}],"curies":[{"name":"wp","href":"https:\/\/api.w.org\/{rel}","templated":true}]}}